{"id":1071,"date":"2023-07-23T13:07:07","date_gmt":"2023-07-23T13:07:07","guid":{"rendered":"https:\/\/rmed.ch\/?page_id=1071"},"modified":"2023-07-23T13:16:11","modified_gmt":"2023-07-23T13:16:11","slug":"paiements-echelonnes","status":"publish","type":"page","link":"https:\/\/rmed.ch\/?page_id=1071","title":{"rendered":"Paiements \u00e9chelonn\u00e9s\u200b"},"content":{"rendered":"\t\t<div data-elementor-type=\"wp-post\" data-elementor-id=\"1071\" class=\"elementor elementor-1071\">\n\t\t\t\t\t\t<section class=\"elementor-section elementor-top-section elementor-element elementor-element-1354d58 elementor-section-boxed elementor-section-height-default elementor-section-height-default\" data-id=\"1354d58\" data-element_type=\"section\" data-e-type=\"section\">\n\t\t\t\t\t\t<div class=\"elementor-container elementor-column-gap-default\">\n\t\t\t\t\t<div class=\"elementor-column elementor-col-100 elementor-top-column elementor-element elementor-element-0f1ba82\" data-id=\"0f1ba82\" data-element_type=\"column\" data-e-type=\"column\">\n\t\t\t<div class=\"elementor-widget-wrap elementor-element-populated\">\n\t\t\t\t\t\t<div class=\"elementor-element elementor-element-7a2da03 elementor-widget elementor-widget-heading\" data-id=\"7a2da03\" data-element_type=\"widget\" data-e-type=\"widget\" data-widget_type=\"heading.default\">\n\t\t\t\t<div class=\"elementor-widget-container\">\n\t\t\t\t\t<h2 class=\"elementor-heading-title elementor-size-default\">Paiements \u00e9chelonn\u00e9s<\/h2>\t\t\t\t<\/div>\n\t\t\t\t<\/div>\n\t\t\t\t\t<\/div>\n\t\t<\/div>\n\t\t\t\t\t<\/div>\n\t\t<\/section>\n\t\t\t\t<section class=\"elementor-section elementor-top-section elementor-element elementor-element-c9017e9 elementor-section-boxed elementor-section-height-default elementor-section-height-default\" data-id=\"c9017e9\" data-element_type=\"section\" data-e-type=\"section\">\n\t\t\t\t\t\t<div class=\"elementor-container elementor-column-gap-default\">\n\t\t\t\t\t<div class=\"elementor-column elementor-col-100 elementor-top-column elementor-element elementor-element-58b7535\" data-id=\"58b7535\" data-element_type=\"column\" data-e-type=\"column\">\n\t\t\t<div class=\"elementor-widget-wrap elementor-element-populated\">\n\t\t\t\t\t\t<div class=\"elementor-element elementor-element-86109c3 elementor-widget elementor-widget-text-editor\" data-id=\"86109c3\" data-element_type=\"widget\" data-e-type=\"widget\" data-widget_type=\"text-editor.default\">\n\t\t\t\t<div class=\"elementor-widget-container\">\n\t\t\t\t\t\t\t\t\t<p>Chez RMed, nous comprenons que la d\u00e9cision de recourir \u00e0 la chirurgie esth\u00e9tique est une \u00e9tape importante. Nous savons \u00e9galement que cela peut repr\u00e9senter <b>un investissement financier significatif<\/b>.<\/p>\n<p>Cependant, nous croyons fermement que l&#8217;aspect financier ne<b> devrait pas compromettre la qualit\u00e9 ou la s\u00e9curit\u00e9 de vos soins.<\/b><\/p>\n<p>C&#8217;est pourquoi nous sommes heureux de vous offrir la possibilit\u00e9 de payer votre traitement chirurgical en plusieurs mensualit\u00e9s. Gr\u00e2ce \u00e0 notre option de <b>paiement \u00e9chelonn\u00e9 de votre intervention<\/b>, vous pouvez b\u00e9n\u00e9ficier de cette flexibilit\u00e9.<\/p>\n<p>Chez RMed, vous pouvez payer votre intervention chirurgicale en <b>plusieurs mensualit\u00e9s<\/b>, jusqu&#8217;\u00e0 un<b> montant maximum de CHF 10&#8217;000<\/b>. Vous avez le choix entre <b>3 ou 6 mensualit\u00e9s<\/b>, le tout <b>sans int\u00e9r\u00eats ni frais cach\u00e9s<\/b>.<\/p>\n<p>Veuillez noter que cette option de paiement \u00e9chelonn\u00e9 s&#8217;applique uniquement <b>aux interventions dont le montant d\u00e9passe CHF 2&#8217;000<\/b>. Le nombre de mensualit\u00e9s d\u00e9pendra de la nature du traitement et du montant de l&#8217;acompte initial.<\/p>\n<p>Pour b\u00e9n\u00e9ficier de notre solution de paiement \u00e9chelonn\u00e9, nous effectuerons une \u00e9valuation de solvabilit\u00e9 en ligne, conform\u00e9ment \u00e0 la l\u00e9gislation visant \u00e0 pr\u00e9venir le surendettement. De plus, nous vous demanderons de verser un acompte correspondant \u00e0 <b>au moins 20% du devis total<\/b> pour votre proc\u00e9dure.<\/p>\n<p>Lors de votre premi\u00e8re consultation, notre \u00e9quipe vous remettra un devis d\u00e9taill\u00e9 et se tiendra \u00e0 votre disposition pour r\u00e9pondre \u00e0 toutes <b>vos questions d&#8217;ordre administratif et financier<\/b>. Nous souhaitons vous accompagner dans toutes les d\u00e9marches, garantissant ainsi <b>une proc\u00e9dure sereine et sans souci \u00e0 tous \u00e9gards.<\/b><\/p>\n<p>Nous serions ravis de vous accueillir chez RMed et de vous aider \u00e0 r\u00e9aliser vos objectifs esth\u00e9tiques en toute confiance.<\/p>\n<p>Cordialement,<br>L&#8217;\u00e9quipe de RMed<\/p>\t\t\t\t\t\t\t\t<\/div>\n\t\t\t\t<\/div>\n\t\t\t\t\t<\/div>\n\t\t<\/div>\n\t\t\t\t\t<\/div>\n\t\t<\/section>\n\t\t\t\t<\/div>\n\t\t","protected":false},"excerpt":{"rendered":"<p>Paiements \u00e9chelonn\u00e9s Chez RMed, nous comprenons que la d\u00e9cision de recourir \u00e0 la chirurgie esth\u00e9tique est une \u00e9tape importante. Nous savons \u00e9galement que cela peut repr\u00e9senter un investissement financier significatif. Cependant, nous croyons fermement que l&#8217;aspect financier ne devrait pas compromettre la qualit\u00e9 ou la s\u00e9curit\u00e9 de vos soins. C&#8217;est pourquoi nous sommes heureux de [&hellip;]<\/p>\n","protected":false},"author":1,"featured_media":0,"parent":0,"menu_order":0,"comment_status":"closed","ping_status":"closed","template":"","meta":{"om_disable_all_campaigns":false,"_monsterinsights_skip_tracking":false,"_monsterinsights_sitenote_active":false,"_monsterinsights_sitenote_note":"","_monsterinsights_sitenote_category":0,"site-sidebar-layout":"no-sidebar","site-content-layout":"page-builder","ast-site-content-layout":"default","site-content-style":"default","site-sidebar-style":"default","ast-global-header-display":"","ast-banner-title-visibility":"","ast-main-header-display":"","ast-hfb-above-header-display":"","ast-hfb-below-header-display":"","ast-hfb-mobile-header-display":"","site-post-title":"disabled","ast-breadcrumbs-content":"","ast-featured-img":"disabled","footer-sml-layout":"","ast-disable-related-posts":"","theme-transparent-header-meta":"","adv-header-id-meta":"","stick-header-meta":"","header-above-stick-meta":"","header-main-stick-meta":"","header-below-stick-meta":"","astra-migrate-meta-layouts":"default","ast-page-background-enabled":"default","ast-page-background-meta":{"desktop":{"background-color":"","background-image":"","background-repeat":"repeat","background-position":"center center","background-size":"auto","background-attachment":"scroll","background-type":"","background-media":"","overlay-type":"","overlay-color":"","overlay-opacity":"","overlay-gradient":""},"tablet":{"background-color":"","background-image":"","background-repeat":"repeat","background-position":"center center","background-size":"auto","background-attachment":"scroll","background-type":"","background-media":"","overlay-type":"","overlay-color":"","overlay-opacity":"","overlay-gradient":""},"mobile":{"background-color":"","background-image":"","background-repeat":"repeat","background-position":"center center","background-size":"auto","background-attachment":"scroll","background-type":"","background-media":"","overlay-type":"","overlay-color":"","overlay-opacity":"","overlay-gradient":""}},"ast-content-background-meta":{"desktop":{"background-color":"var(--ast-global-color-5)","background-image":"","background-repeat":"repeat","background-position":"center center","background-size":"auto","background-attachment":"scroll","background-type":"","background-media":"","overlay-type":"","overlay-color":"","overlay-opacity":"","overlay-gradient":""},"tablet":{"background-color":"var(--ast-global-color-5)","background-image":"","background-repeat":"repeat","background-position":"center center","background-size":"auto","background-attachment":"scroll","background-type":"","background-media":"","overlay-type":"","overlay-color":"","overlay-opacity":"","overlay-gradient":""},"mobile":{"background-color":"var(--ast-global-color-5)","background-image":"","background-repeat":"repeat","background-position":"center center","background-size":"auto","background-attachment":"scroll","background-type":"","background-media":"","overlay-type":"","overlay-color":"","overlay-opacity":"","overlay-gradient":""}},"footnotes":""},"class_list":["post-1071","page","type-page","status-publish","hentry"],"aioseo_notices":[],"_links":{"self":[{"href":"https:\/\/rmed.ch\/index.php?rest_route=\/wp\/v2\/pages\/1071","targetHints":{"allow":["GET"]}}],"collection":[{"href":"https:\/\/rmed.ch\/index.php?rest_route=\/wp\/v2\/pages"}],"about":[{"href":"https:\/\/rmed.ch\/index.php?rest_route=\/wp\/v2\/types\/page"}],"author":[{"embeddable":true,"href":"https:\/\/rmed.ch\/index.php?rest_route=\/wp\/v2\/users\/1"}],"replies":[{"embeddable":true,"href":"https:\/\/rmed.ch\/index.php?rest_route=%2Fwp%2Fv2%2Fcomments&post=1071"}],"version-history":[{"count":7,"href":"https:\/\/rmed.ch\/index.php?rest_route=\/wp\/v2\/pages\/1071\/revisions"}],"predecessor-version":[{"id":1083,"href":"https:\/\/rmed.ch\/index.php?rest_route=\/wp\/v2\/pages\/1071\/revisions\/1083"}],"wp:attachment":[{"href":"https:\/\/rmed.ch\/index.php?rest_route=%2Fwp%2Fv2%2Fmedia&parent=1071"}],"curies":[{"name":"wp","href":"https:\/\/api.w.org\/{rel}","templated":true}]}}