{"id":981,"date":"2023-07-09T15:42:49","date_gmt":"2023-07-09T15:42:49","guid":{"rendered":"https:\/\/rmed.ch\/?page_id=981"},"modified":"2023-07-18T07:39:28","modified_gmt":"2023-07-18T07:39:28","slug":"elementor-981","status":"publish","type":"page","link":"https:\/\/rmed.ch\/?page_id=981","title":{"rendered":"Protection des donn\u00e9es et s\u00e9curit\u00e9\u200b"},"content":{"rendered":"\t\t<div data-elementor-type=\"wp-post\" data-elementor-id=\"981\" class=\"elementor elementor-981\">\n\t\t\t\t\t\t<section class=\"elementor-section elementor-top-section elementor-element elementor-element-0d0926a elementor-section-boxed elementor-section-height-default elementor-section-height-default\" data-id=\"0d0926a\" data-element_type=\"section\" data-e-type=\"section\">\n\t\t\t\t\t\t<div class=\"elementor-container elementor-column-gap-default\">\n\t\t\t\t\t<div class=\"elementor-column elementor-col-100 elementor-top-column elementor-element elementor-element-9c0ceee\" data-id=\"9c0ceee\" data-element_type=\"column\" data-e-type=\"column\">\n\t\t\t<div class=\"elementor-widget-wrap elementor-element-populated\">\n\t\t\t\t\t\t<div class=\"elementor-element elementor-element-5aaccba elementor-widget elementor-widget-heading\" data-id=\"5aaccba\" data-element_type=\"widget\" data-e-type=\"widget\" data-widget_type=\"heading.default\">\n\t\t\t\t<div class=\"elementor-widget-container\">\n\t\t\t\t\t<h2 class=\"elementor-heading-title elementor-size-default\">Protection des donn\u00e9es et s\u00e9curit\u00e9<\/h2>\t\t\t\t<\/div>\n\t\t\t\t<\/div>\n\t\t\t\t\t<\/div>\n\t\t<\/div>\n\t\t\t\t\t<\/div>\n\t\t<\/section>\n\t\t\t\t<section class=\"elementor-section elementor-top-section elementor-element elementor-element-4b953fb elementor-section-boxed elementor-section-height-default elementor-section-height-default\" data-id=\"4b953fb\" data-element_type=\"section\" data-e-type=\"section\">\n\t\t\t\t\t\t<div class=\"elementor-container elementor-column-gap-default\">\n\t\t\t\t\t<div class=\"elementor-column elementor-col-100 elementor-top-column elementor-element elementor-element-d2354ba\" data-id=\"d2354ba\" data-element_type=\"column\" data-e-type=\"column\">\n\t\t\t<div class=\"elementor-widget-wrap elementor-element-populated\">\n\t\t\t\t\t\t<div class=\"elementor-element elementor-element-07e3f41 elementor-widget elementor-widget-text-editor\" data-id=\"07e3f41\" data-element_type=\"widget\" data-e-type=\"widget\" data-widget_type=\"text-editor.default\">\n\t\t\t\t<div class=\"elementor-widget-container\">\n\t\t\t\t\t\t\t\t\t<p><b>Chez RMed, nous attachons une grande importance \u00e0 la protection de votre vie priv\u00e9e et de vos donn\u00e9es personnelles.&nbsp;<\/b><\/p><p><b style=\"font-style: inherit;\">Nous nous engageons \u00e0 respecter les normes les plus strictes en mati\u00e8re de confidentialit\u00e9 et \u00e0 garantir la s\u00e9curit\u00e9 de toutes les informations que vous partagez avec nous.<\/b><\/p>\n<p><u><b>Collecte et utilisation des donn\u00e9es :<br><\/b><\/u>Lorsque vous utilisez notre site web ou que vous nous fournissez des informations, nous recueillons uniquement les donn\u00e9es n\u00e9cessaires pour vous offrir nos services m\u00e9dicaux. Ces donn\u00e9es peuvent inclure votre nom, votre adresse, votre num\u00e9ro de t\u00e9l\u00e9phone, votre adresse e-mail, ainsi que des informations m\u00e9dicales pertinentes pour votre traitement. Nous n&#8217;utilisons ces donn\u00e9es que dans le cadre de votre traitement m\u00e9dical et pour vous contacter concernant vos rendez-vous ou tout autre aspect li\u00e9 \u00e0 votre sant\u00e9.<\/p>\n<p><u><b>S\u00e9curit\u00e9 des donn\u00e9es :<br><\/b><\/u>Nous avons mis en place des mesures de s\u00e9curit\u00e9 techniques et organisationnelles pour prot\u00e9ger vos donn\u00e9es contre tout acc\u00e8s non autoris\u00e9, toute divulgation ou toute alt\u00e9ration. Nos syst\u00e8mes sont r\u00e9guli\u00e8rement mis \u00e0 jour et nous nous engageons \u00e0 maintenir un environnement s\u00e9curis\u00e9 pour vos informations personnelles.<\/p>\n<p><u><b>Partage des donn\u00e9es :<br><\/b><\/u>Nous ne partageons vos donn\u00e9es personnelles qu&#8217;avec des tiers strictement n\u00e9cessaires pour votre traitement m\u00e9dical, tels que des m\u00e9decins sp\u00e9cialistes ou des laboratoires d&#8217;analyse. Nous nous assurons que ces tiers respectent \u00e9galement des normes strictes de confidentialit\u00e9 et de s\u00e9curit\u00e9 des donn\u00e9es.<\/p>\n<p><u><b>Cookies et technologies similaires :<br><\/b><\/u>Notre site web utilise des cookies et d&#8217;autres technologies similaires pour am\u00e9liorer votre exp\u00e9rience en ligne et collecter des informations sur l&#8217;utilisation du site. Vous pouvez g\u00e9rer vos pr\u00e9f\u00e9rences de cookies via les param\u00e8tres de votre navigateur. Veuillez noter que le blocage de certains cookies peut affecter la fonctionnalit\u00e9 du site.<\/p>\n<p><u><b>Droits des utilisateurs :<br><\/b><\/u>Vous avez le droit d&#8217;acc\u00e9der, de rectifier, de supprimer ou de limiter l&#8217;utilisation de vos donn\u00e9es personnelles. Vous pouvez \u00e9galement demander \u00e0 recevoir une copie de vos donn\u00e9es ou \u00e0 les transf\u00e9rer \u00e0 un autre fournisseur de services m\u00e9dicaux. Pour exercer ces droits ou pour toute question concernant notre politique de confidentialit\u00e9, veuillez nous contacter via les coordonn\u00e9es fournies ci-dessous.<\/p>\n<p><u><b>Contact :<br><\/b><\/u>Si vous avez des questions ou des pr\u00e9occupations concernant notre politique de confidentialit\u00e9 ou la mani\u00e8re dont nous traitons vos donn\u00e9es, veuillez nous contacter :<\/p>\n<p>RMed &#8211; Centre M\u00e9dical<br>Adresse : Rue des Grands Pr\u00e9s 18, Conthey<br>T\u00e9l\u00e9phone : 027 345 24 00<br>E-mail : vrugolotto@rmed.ch<\/p>\n<p>Nous nous engageons \u00e0 respecter votre vie priv\u00e9e et \u00e0 traiter vos donn\u00e9es personnelles de mani\u00e8re s\u00e9curis\u00e9e et confidentielle.&nbsp;<\/p><p><b>Votre confiance est essentielle pour nous, et nous ferons tout notre possible pour pr\u00e9server cette confiance \u00e0 chaque interaction avec notre centre m\u00e9dical.<\/b><\/p>\t\t\t\t\t\t\t\t<\/div>\n\t\t\t\t<\/div>\n\t\t\t\t\t<\/div>\n\t\t<\/div>\n\t\t\t\t\t<\/div>\n\t\t<\/section>\n\t\t\t\t<\/div>\n\t\t","protected":false},"excerpt":{"rendered":"<p>Protection des donn\u00e9es et s\u00e9curit\u00e9 Chez RMed, nous attachons une grande importance \u00e0 la protection de votre vie priv\u00e9e et de vos donn\u00e9es personnelles.&nbsp; Nous nous engageons \u00e0 respecter les normes les plus strictes en mati\u00e8re de confidentialit\u00e9 et \u00e0 garantir la s\u00e9curit\u00e9 de toutes les informations que vous partagez avec nous. Collecte et utilisation [&hellip;]<\/p>\n","protected":false},"author":1,"featured_media":0,"parent":0,"menu_order":0,"comment_status":"closed","ping_status":"closed","template":"","meta":{"om_disable_all_campaigns":false,"_monsterinsights_skip_tracking":false,"_monsterinsights_sitenote_active":false,"_monsterinsights_sitenote_note":"","_monsterinsights_sitenote_category":0,"site-sidebar-layout":"no-sidebar","site-content-layout":"page-builder","ast-site-content-layout":"default","site-content-style":"default","site-sidebar-style":"default","ast-global-header-display":"","ast-banner-title-visibility":"","ast-main-header-display":"","ast-hfb-above-header-display":"","ast-hfb-below-header-display":"","ast-hfb-mobile-header-display":"","site-post-title":"disabled","ast-breadcrumbs-content":"","ast-featured-img":"disabled","footer-sml-layout":"","ast-disable-related-posts":"","theme-transparent-header-meta":"","adv-header-id-meta":"","stick-header-meta":"","header-above-stick-meta":"","header-main-stick-meta":"","header-below-stick-meta":"","astra-migrate-meta-layouts":"default","ast-page-background-enabled":"default","ast-page-background-meta":{"desktop":{"background-color":"","background-image":"","background-repeat":"repeat","background-position":"center center","background-size":"auto","background-attachment":"scroll","background-type":"","background-media":"","overlay-type":"","overlay-color":"","overlay-opacity":"","overlay-gradient":""},"tablet":{"background-color":"","background-image":"","background-repeat":"repeat","background-position":"center center","background-size":"auto","background-attachment":"scroll","background-type":"","background-media":"","overlay-type":"","overlay-color":"","overlay-opacity":"","overlay-gradient":""},"mobile":{"background-color":"","background-image":"","background-repeat":"repeat","background-position":"center center","background-size":"auto","background-attachment":"scroll","background-type":"","background-media":"","overlay-type":"","overlay-color":"","overlay-opacity":"","overlay-gradient":""}},"ast-content-background-meta":{"desktop":{"background-color":"var(--ast-global-color-5)","background-image":"","background-repeat":"repeat","background-position":"center center","background-size":"auto","background-attachment":"scroll","background-type":"","background-media":"","overlay-type":"","overlay-color":"","overlay-opacity":"","overlay-gradient":""},"tablet":{"background-color":"var(--ast-global-color-5)","background-image":"","background-repeat":"repeat","background-position":"center center","background-size":"auto","background-attachment":"scroll","background-type":"","background-media":"","overlay-type":"","overlay-color":"","overlay-opacity":"","overlay-gradient":""},"mobile":{"background-color":"var(--ast-global-color-5)","background-image":"","background-repeat":"repeat","background-position":"center center","background-size":"auto","background-attachment":"scroll","background-type":"","background-media":"","overlay-type":"","overlay-color":"","overlay-opacity":"","overlay-gradient":""}},"footnotes":""},"class_list":["post-981","page","type-page","status-publish","hentry"],"aioseo_notices":[],"_links":{"self":[{"href":"https:\/\/rmed.ch\/index.php?rest_route=\/wp\/v2\/pages\/981","targetHints":{"allow":["GET"]}}],"collection":[{"href":"https:\/\/rmed.ch\/index.php?rest_route=\/wp\/v2\/pages"}],"about":[{"href":"https:\/\/rmed.ch\/index.php?rest_route=\/wp\/v2\/types\/page"}],"author":[{"embeddable":true,"href":"https:\/\/rmed.ch\/index.php?rest_route=\/wp\/v2\/users\/1"}],"replies":[{"embeddable":true,"href":"https:\/\/rmed.ch\/index.php?rest_route=%2Fwp%2Fv2%2Fcomments&post=981"}],"version-history":[{"count":7,"href":"https:\/\/rmed.ch\/index.php?rest_route=\/wp\/v2\/pages\/981\/revisions"}],"predecessor-version":[{"id":1056,"href":"https:\/\/rmed.ch\/index.php?rest_route=\/wp\/v2\/pages\/981\/revisions\/1056"}],"wp:attachment":[{"href":"https:\/\/rmed.ch\/index.php?rest_route=%2Fwp%2Fv2%2Fmedia&parent=981"}],"curies":[{"name":"wp","href":"https:\/\/api.w.org\/{rel}","templated":true}]}}